{"id":94,"date":"2019-01-06T11:42:01","date_gmt":"2019-01-06T11:42:01","guid":{"rendered":"http:\/\/demo.acmethemes.com\/portfolio-web\/?page_id=94"},"modified":"2019-06-12T11:53:21","modified_gmt":"2019-06-12T14:53:21","slug":"contact-info","status":"publish","type":"page","link":"https:\/\/crab.com.br\/en\/contact-info\/","title":{"rendered":"Informations"},"content":{"rendered":"<div id=\"pl-94\"  class=\"panel-layout\" ><div id=\"pg-94-0\"  class=\"panel-grid panel-no-style\" ><div id=\"pgc-94-0-0\"  class=\"panel-grid-cell\" ><div id=\"panel-94-0-0-0\" class=\"widget_text so-panel widget widget_custom_html panel-first-child panel-last-child\" data-index=\"0\" ><div class=\"textwidget custom-html-widget\"><div class=\"contact-info\">\n<ul>\n \t<li>\n<strong>Email<\/strong>\n<a href=\"mailto:juliano@crab.com.br\">juliano@crab.com.br<\/a>\n\t<\/li>\n \t<li>\n<strong>Localization<\/strong>\nFlorian\u00f3polis, Brasil\n\t<\/li>\n<\/ul>\n<\/div><\/div><\/div><\/div><\/div><\/div>","protected":false},"excerpt":{"rendered":"<p>E-mail juliano@crab.com.br Localiza\u00e7\u00e3o Florian\u00f3polis, Brasil<\/p>","protected":false},"author":1,"featured_media":0,"parent":0,"menu_order":0,"comment_status":"closed","ping_status":"closed","template":"","meta":{"footnotes":""},"class_list":["post-94","page","type-page","status-publish","hentry"],"yoast_head":"<!-- This site is optimized with the Yoast SEO plugin v27.4 - https:\/\/yoast.com\/product\/yoast-seo-wordpress\/ -->\n<title>Informa\u00e7\u00f5es - Crab<\/title>\n<meta name=\"robots\" content=\"index, follow, max-snippet:-1, max-image-preview:large, max-video-preview:-1\" \/>\n<link rel=\"canonical\" href=\"https:\/\/crab.com.br\/en\/contact-info\/\" \/>\n<meta name=\"twitter:card\" content=\"summary_large_image\" \/>\n<meta name=\"twitter:title\" content=\"Informa\u00e7\u00f5es - Crab\" \/>\n<meta name=\"twitter:description\" content=\"E-mail juliano@crab.com.br Localiza\u00e7\u00e3o Florian\u00f3polis, Brasil\" \/>\n<script type=\"application\/ld+json\" class=\"yoast-schema-graph\">{\"@context\":\"https:\\\/\\\/schema.org\",\"@graph\":[{\"@type\":\"WebPage\",\"@id\":\"https:\\\/\\\/crab.com.br\\\/contact-info\\\/\",\"url\":\"https:\\\/\\\/crab.com.br\\\/contact-info\\\/\",\"name\":\"Informa\u00e7\u00f5es - Crab\",\"isPartOf\":{\"@id\":\"https:\\\/\\\/crab.com.br\\\/#website\"},\"datePublished\":\"2019-01-06T11:42:01+00:00\",\"dateModified\":\"2019-06-12T14:53:21+00:00\",\"breadcrumb\":{\"@id\":\"https:\\\/\\\/crab.com.br\\\/contact-info\\\/#breadcrumb\"},\"inLanguage\":\"en-GB\",\"potentialAction\":[{\"@type\":\"ReadAction\",\"target\":[\"https:\\\/\\\/crab.com.br\\\/contact-info\\\/\"]}]},{\"@type\":\"BreadcrumbList\",\"@id\":\"https:\\\/\\\/crab.com.br\\\/contact-info\\\/#breadcrumb\",\"itemListElement\":[{\"@type\":\"ListItem\",\"position\":1,\"name\":\"In\u00edcio\",\"item\":\"https:\\\/\\\/crab.com.br\\\/\"},{\"@type\":\"ListItem\",\"position\":2,\"name\":\"Informa\u00e7\u00f5es\"}]},{\"@type\":\"WebSite\",\"@id\":\"https:\\\/\\\/crab.com.br\\\/#website\",\"url\":\"https:\\\/\\\/crab.com.br\\\/\",\"name\":\"Crab\",\"description\":\"Design, Front-end e Social Media por Juliano Toazza\",\"publisher\":{\"@id\":\"https:\\\/\\\/crab.com.br\\\/#\\\/schema\\\/person\\\/92394c8ba3dcf64bde4878546b0f5e00\"},\"potentialAction\":[{\"@type\":\"SearchAction\",\"target\":{\"@type\":\"EntryPoint\",\"urlTemplate\":\"https:\\\/\\\/crab.com.br\\\/?s={search_term_string}\"},\"query-input\":{\"@type\":\"PropertyValueSpecification\",\"valueRequired\":true,\"valueName\":\"search_term_string\"}}],\"inLanguage\":\"en-GB\"},{\"@type\":[\"Person\",\"Organization\"],\"@id\":\"https:\\\/\\\/crab.com.br\\\/#\\\/schema\\\/person\\\/92394c8ba3dcf64bde4878546b0f5e00\",\"name\":\"Juliano\",\"image\":{\"@type\":\"ImageObject\",\"inLanguage\":\"en-GB\",\"@id\":\"https:\\\/\\\/secure.gravatar.com\\\/avatar\\\/8deaafbe8111011c75803ebfac389cb926fd85fb85bd1a1a446896d2758a402a?s=96&d=mm&r=g\",\"url\":\"https:\\\/\\\/secure.gravatar.com\\\/avatar\\\/8deaafbe8111011c75803ebfac389cb926fd85fb85bd1a1a446896d2758a402a?s=96&d=mm&r=g\",\"contentUrl\":\"https:\\\/\\\/secure.gravatar.com\\\/avatar\\\/8deaafbe8111011c75803ebfac389cb926fd85fb85bd1a1a446896d2758a402a?s=96&d=mm&r=g\",\"caption\":\"Juliano\"},\"logo\":{\"@id\":\"https:\\\/\\\/secure.gravatar.com\\\/avatar\\\/8deaafbe8111011c75803ebfac389cb926fd85fb85bd1a1a446896d2758a402a?s=96&d=mm&r=g\"}}]}<\/script>\n<!-- \/ Yoast SEO plugin. -->","yoast_head_json":{"title":"Informa\u00e7\u00f5es - Crab","robots":{"index":"index","follow":"follow","max-snippet":"max-snippet:-1","max-image-preview":"max-image-preview:large","max-video-preview":"max-video-preview:-1"},"canonical":"https:\/\/crab.com.br\/en\/contact-info\/","twitter_card":"summary_large_image","twitter_title":"Informa\u00e7\u00f5es - Crab","twitter_description":"E-mail juliano@crab.com.br Localiza\u00e7\u00e3o Florian\u00f3polis, Brasil","schema":{"@context":"https:\/\/schema.org","@graph":[{"@type":"WebPage","@id":"https:\/\/crab.com.br\/contact-info\/","url":"https:\/\/crab.com.br\/contact-info\/","name":"Informa\u00e7\u00f5es - Crab","isPartOf":{"@id":"https:\/\/crab.com.br\/#website"},"datePublished":"2019-01-06T11:42:01+00:00","dateModified":"2019-06-12T14:53:21+00:00","breadcrumb":{"@id":"https:\/\/crab.com.br\/contact-info\/#breadcrumb"},"inLanguage":"en-GB","potentialAction":[{"@type":"ReadAction","target":["https:\/\/crab.com.br\/contact-info\/"]}]},{"@type":"BreadcrumbList","@id":"https:\/\/crab.com.br\/contact-info\/#breadcrumb","itemListElement":[{"@type":"ListItem","position":1,"name":"In\u00edcio","item":"https:\/\/crab.com.br\/"},{"@type":"ListItem","position":2,"name":"Informa\u00e7\u00f5es"}]},{"@type":"WebSite","@id":"https:\/\/crab.com.br\/#website","url":"https:\/\/crab.com.br\/","name":"Crab","description":"Design, Front-end e Social Media por Juliano Toazza","publisher":{"@id":"https:\/\/crab.com.br\/#\/schema\/person\/92394c8ba3dcf64bde4878546b0f5e00"},"potentialAction":[{"@type":"SearchAction","target":{"@type":"EntryPoint","urlTemplate":"https:\/\/crab.com.br\/?s={search_term_string}"},"query-input":{"@type":"PropertyValueSpecification","valueRequired":true,"valueName":"search_term_string"}}],"inLanguage":"en-GB"},{"@type":["Person","Organization"],"@id":"https:\/\/crab.com.br\/#\/schema\/person\/92394c8ba3dcf64bde4878546b0f5e00","name":"Juliano","image":{"@type":"ImageObject","inLanguage":"en-GB","@id":"https:\/\/secure.gravatar.com\/avatar\/8deaafbe8111011c75803ebfac389cb926fd85fb85bd1a1a446896d2758a402a?s=96&d=mm&r=g","url":"https:\/\/secure.gravatar.com\/avatar\/8deaafbe8111011c75803ebfac389cb926fd85fb85bd1a1a446896d2758a402a?s=96&d=mm&r=g","contentUrl":"https:\/\/secure.gravatar.com\/avatar\/8deaafbe8111011c75803ebfac389cb926fd85fb85bd1a1a446896d2758a402a?s=96&d=mm&r=g","caption":"Juliano"},"logo":{"@id":"https:\/\/secure.gravatar.com\/avatar\/8deaafbe8111011c75803ebfac389cb926fd85fb85bd1a1a446896d2758a402a?s=96&d=mm&r=g"}}]}},"_links":{"self":[{"href":"https:\/\/crab.com.br\/en\/wp-json\/wp\/v2\/pages\/94","targetHints":{"allow":["GET"]}}],"collection":[{"href":"https:\/\/crab.com.br\/en\/wp-json\/wp\/v2\/pages"}],"about":[{"href":"https:\/\/crab.com.br\/en\/wp-json\/wp\/v2\/types\/page"}],"author":[{"embeddable":true,"href":"https:\/\/crab.com.br\/en\/wp-json\/wp\/v2\/users\/1"}],"replies":[{"embeddable":true,"href":"https:\/\/crab.com.br\/en\/wp-json\/wp\/v2\/comments?post=94"}],"version-history":[{"count":2,"href":"https:\/\/crab.com.br\/en\/wp-json\/wp\/v2\/pages\/94\/revisions"}],"predecessor-version":[{"id":1055,"href":"https:\/\/crab.com.br\/en\/wp-json\/wp\/v2\/pages\/94\/revisions\/1055"}],"wp:attachment":[{"href":"https:\/\/crab.com.br\/en\/wp-json\/wp\/v2\/media?parent=94"}],"curies":[{"name":"wp","href":"https:\/\/api.w.org\/{rel}","templated":true}]}}