{"id":78,"date":"2019-01-06T11:28:19","date_gmt":"2019-01-06T13:28:19","guid":{"rendered":"http:\/\/demo.acmethemes.com\/portfolio-web\/?page_id=78"},"modified":"2025-11-19T08:53:35","modified_gmt":"2025-11-19T11:53:35","slug":"sobre","status":"publish","type":"page","link":"https:\/\/crab.com.br\/en\/sobre\/","title":{"rendered":"About"},"content":{"rendered":"<div id=\"pl-gb78-5cccd6f6084ad\" class=\"panel-layout\">\n<div id=\"pg-gb78-5cccd6f6084ad-0\" class=\"panel-grid panel-no-style\">\n<div id=\"pgc-gb78-5cccd6f6084ad-0-0\" class=\"panel-grid-cell\">\n<div id=\"panel-gb78-5cccd6f6084ad-0-0-0\" class=\"so-panel widget widget_portfolio_web_about panel-first-child\" data-index=\"0\">\n<section id=\"portfolio_web_about-5\" class=\"at-widgets at-feature-about\">\n<div class=\"container\">\n<div class=\"row\">\n<div class=\"col-sm-6 init-animate zoomIn\" style=\"visibility: visible; animation-name: zoomIn;\">\n<div class=\"at-feature-about-img\"><img loading=\"lazy\" decoding=\"async\" class=\"alignleft size-full wp-image-808\" src=\"https:\/\/crab.com.br\/wp-content\/uploads\/2019\/05\/portfolio_man_500x728_v2.png\" alt=\"\" width=\"500\" height=\"728\" srcset=\"https:\/\/crab.com.br\/wp-content\/uploads\/2019\/05\/portfolio_man_500x728_v2.png 500w, https:\/\/crab.com.br\/wp-content\/uploads\/2019\/05\/portfolio_man_500x728_v2-206x300.png 206w\" sizes=\"auto, (max-width: 500px) 100vw, 500px\" \/><\/div>\n<\/div>\n<div class=\"col-sm-6\">\n<div class=\"at-widget-title-wrapper init-animate zoomIn\" style=\"visibility: visible; animation-name: zoomIn;\">\n<p class=\"at-subtitle\">Ol\u00e1, sou um UI\/UX Designer &amp; Desenvolvedor web de Florian\u00f3polis, Brasil. Tenho p\u00f3s-gradua\u00e7\u00e3o em Design Digital pela Universidade Est\u00e1cio de S\u00e1, mais de 15 anos de experi\u00eancia na \u00e1rea e posso ajudar voc\u00ea ou sua empresa fazer sucesso na Internet.<\/p>\n<\/div>\n<p class=\"init-animate zoomIn\" style=\"visibility: visible; animation-name: zoomIn;\">O gosto pelo bom e velho Rock n&#8217; roll e a paix\u00e3o por motos contribuem significativamente para o sucesso do meu trabalho. A m\u00fasica equilibra o meu humor e a sensa\u00e7\u00e3o de liberdade da moto me deixa tranquilo e inspira novas ideias. Hoje estou apto para criar e desenvolver interfaces atraentes e f\u00e1ceis de usar para desktop ou mobile.<\/p>\n<p><a class=\"about init-animate zoomIn btn btn-primary btn-reverse\" style=\"visibility: visible; animation-name: zoomIn;\" href=\"https:\/\/drive.google.com\/file\/d\/1Ag8d7TrPOxPaxlfPprbHtFf8IcPnmSh-\/view?usp=drivesdk\" target=\"_blank\" rel=\"noopener noreferrer\"><br \/>\nBaixar curr\u00edculo<br \/>\n<\/a><br \/>\n<!--\n<a class=\"about init-animate fadeInDown btn btn-primary outline-outward banner-btn\" style=\"visibility: visible; animation-name: fadeInDown;\" tabindex=\"0\" href=\"https:\/\/goo.gl\/photos\/2cNK96sFf8PeF2cs8\" target=\"_blank\" rel=\"noopener noreferrer\">\nVer Portfolio\n<i class=\"fa fa-angle-right\"><\/i>\n<\/a>\n--><\/p>\n<\/div>\n<\/div>\n<\/div>\n<\/section>\n<\/div>\n<div id=\"panel-gb78-5cccd6f6084ad-0-0-1\" class=\"so-panel widget widget_portfolio_web_timeline\" data-index=\"1\">\n<section id=\"portfolio_web_timeline-3\" class=\"at-widgets at-timelime tow at-gray-bg\">\n<div class=\"container\">\n<div class=\"at-widget-title-wrapper init-animate zoomIn\" style=\"visibility: visible; animation-name: zoomIn;\">\n<h3 class=\"widget-title\">Experi\u00eancias<\/h3>\n<\/div>\n<div class=\"at-container at-timeline-section\">\n<p><!--.at-timeline-block FREELANCER--><\/p>\n<div class=\"at-timeline-block current at-odd init-animate zoomIn\" style=\"visibility: visible; animation-name: zoomIn;\">\n<div class=\"at-timeline-img\"><\/div>\n<p><!-- at-timeline-img --><\/p>\n<div class=\"at-timeline-content\">\n<h3>Senior UI\/UX Product Designer<\/h3>\n<div class=\"timeline-content\">\n<ul>\n<li>&#8211; Tradu\u00e7\u00e3o das necessidades de neg\u00f3cio em experi\u00eancias digitais de valor.<\/li>\n<\/ul>\n<\/div>\n<p><!--.timeline-content--><\/p>\n<p><span class=\"at-date\"><strong>Freelancer <\/strong>2016 &#8211; Atualmente<\/span><!--.at-date--><\/p>\n<\/div>\n<p><!-- at-timeline-content --><\/p>\n<\/div>\n<p><!--.at-timeline-block INTELBRAS--><\/p>\n<div class=\"at-timeline-block at-even init-animate zoomIn\" style=\"visibility: visible; animation-name: zoomIn;\">\n<div class=\"at-timeline-img\"><\/div>\n<p><!-- at-timeline-img --><\/p>\n<div class=\"at-timeline-content\">\n<h3>Senior UI\/UX Designer<\/h3>\n<div class=\"timeline-content\">\n<ul>\n<li>&#8211; UI\/UX Design para aplica\u00e7\u00f5es mobile, web e desktop seguindo os conceitos Material Design (Google)<br \/>\ne Fluent Design (Microsoft).<\/li>\n<li>&#8211; Prot\u00f3tipos usando Figma<\/li>\n<li>&#8211; Design de interface do usu\u00e1rio (UI)<\/li>\n<li>&#8211; Design de experi\u00eancia do usu\u00e1rio (UX)<\/li>\n<li>&#8211; Pesquisa de experi\u00eancia do usu\u00e1rio (UX Research)<\/li>\n<li>&#8211; Lideran\u00e7a t\u00e9cnica<\/li>\n<\/ul>\n<\/div>\n<p><span class=\"at-date\"><strong>INTELBRAS <\/strong>2020-2025<\/span><!--.at-date--><\/p>\n<\/div>\n<p><!-- at-timeline-content --><\/p>\n<\/div>\n<p><!--.at-timeline-block--><\/p>\n<div class=\"at-timeline-block at-odd init-animate zoomIn\" style=\"visibility: visible; animation-name: zoomIn;\">\n<div class=\"at-timeline-img\"><\/div>\n<p><!-- at-timeline-img --><\/p>\n<div class=\"at-timeline-content\">\n<h3>Web Designer \/ Front-end \/ Mobile UI\/UX Designer<\/h3>\n<div class=\"timeline-content\">\n<ul>\n<li>&#8211; UI\/UX Design para web e aplicativos m\u00f3veis Android e iOS seguindo conceito Material Design.<\/li>\n<li>&#8211; Desenvolvimento Front-end usando Bootstrap, Ionic Framework, Angular Material, Angular.js, HTML5 e CSS3.<\/li>\n<li>&#8211; App Store Optimization (ASO) para Google Play e Apple Store.<\/li>\n<\/ul>\n<\/div>\n<p><!--.timeline-content--><br \/>\n<span class=\"at-date\"><strong>Softplan Planejamento de Sistemas <\/strong>2015-2016<\/span><!--.at-date--><\/p>\n<\/div>\n<p><!-- at-timeline-content --><\/p>\n<\/div>\n<p><!--.at-timeline-block--><\/p>\n<div class=\"at-timeline-block at-even init-animate zoomIn\" style=\"visibility: visible; animation-name: zoomIn;\">\n<div class=\"at-timeline-img\"><\/div>\n<p><!-- at-timeline-img --><\/p>\n<div class=\"at-timeline-content\">\n<h3>Web Designer \/ Front-end<\/h3>\n<div class=\"timeline-content\">\n<ul>\n<li>&#8211; Desenvolvimento front-end usando Bootstrap, Clojure e Stylus.<\/li>\n<li>&#8211; An\u00e1lise de M\u00e9tricas Digitais e Web Analytics.<\/li>\n<li>&#8211; Design e desenvolvimento de interfaces para o portal http:\/\/www.unisul.br.<\/li>\n<li>&#8211; Publica\u00e7\u00e3o de conte\u00fados usando IBM WebSphere Portal e WordPress.<\/li>\n<li>&#8211; Cria\u00e7\u00e3o de Identidade Visual para redes sociais como Facebook, Twitter, Google+ e LinkedIn.<\/li>\n<li>&#8211; Divulga\u00e7\u00e3o, sele\u00e7\u00e3o, entrevista e aplica\u00e7\u00e3o de provas pr\u00e1ticas para vaga de Desenvolvedor Web.<\/li>\n<li>&#8211; Aplica\u00e7\u00e3o de testes de usabilidade e participa\u00e7\u00e3o em t\u00e9cnicas de card-sorting.<\/li>\n<\/ul>\n<\/div>\n<p><!--.timeline-content--><br \/>\n<span class=\"at-date\"><strong>Universidade do Sul de Santa Catarina &#8211; UNISUL <\/strong>2011-2015 <\/span><br \/>\n<!--.at-date--><\/p>\n<\/div>\n<p><!-- at-timeline-content --><\/p>\n<\/div>\n<p><!--.at-timeline-block--><\/p>\n<\/div>\n<p><!--.at-timeline-section--><\/p>\n<\/div>\n<p><!--.container--><\/p>\n<\/section>\n<p><!--.at-timelime--><\/p>\n<\/div>\n<div id=\"panel-gb78-5cccd6f6084ad-0-0-2\" class=\"so-panel widget widget_portfolio_web_s\" data-index=\"2\">\n<section id=\"portfolio_web_skills-1\" class=\"at-widgets at-skills at-gray-bg at-parallax\" style=\"background-image: url('https:\/\/crab.com.br\/wp-content\/uploads\/2015\/01\/IMG_20140911_112013.jpg'); background-repeat: no-repeat; background-size: cover; background-attachment: fixed; background-position: center;\">\n<div class=\"container\">\n<div class=\"at-widget-title-wrapper init-animate zoomIn\" style=\"visibility: visible; animation-name: zoomIn;\">\n<h2 class=\"widget-title init-animate zoomIn\" style=\"visibility: visible; animation-name: zoomIn;\">Skills<\/h2>\n<\/div>\n<div class=\"row featured-entries-col featured-entries-logo\">\n<div class=\"single-list col-sm-3 col-md-3 init-animate zoomIn\" style=\"visibility: visible; animation-name: zoomIn;\"><span class=\"chart easyPieChart\" style=\"width: 170px; height: 170px; line-height: 170px;\" data-percent=\"90\"><br \/>\n<span class=\"percent\">90<\/span><br \/>\n<canvas width=\"170\" height=\"170\"><\/canvas><\/span><\/p>\n<h3 class=\"\"><a class=\"all-link\" href=\"https:\/\/crab.com.br\/en\/ux-design\/\">UI\/UX Design<\/a><\/h3>\n<div class=\"skills-content\"><\/div>\n<\/div>\n<div class=\"single-list col-sm-3 col-md-3 init-animate zoomIn\" style=\"visibility: visible; animation-name: zoomIn;\"><span class=\"chart easyPieChart\" style=\"width: 170px; height: 170px; line-height: 170px;\" data-percent=\"50\"><br \/>\n<span class=\"percent\">50<\/span><br \/>\n<canvas width=\"170\" height=\"170\"><\/canvas><\/span><\/p>\n<h3 class=\"\"><a class=\"all-link\" href=\"https:\/\/crab.com.br\/en\/html-css\/\">HTML5 \/ CSS3<\/a><\/h3>\n<div class=\"skills-content\"><\/div>\n<\/div>\n<div class=\"single-list col-sm-3 col-md-3 init-animate zoomIn\" style=\"visibility: visible; animation-name: zoomIn;\"><span class=\"chart easyPieChart\" style=\"width: 170px; height: 170px; line-height: 170px;\" data-percent=\"25\"><br \/>\n<span class=\"percent\">25<\/span><br \/>\n<canvas width=\"170\" height=\"170\"><\/canvas><\/span><\/p>\n<h3 class=\"\"><a class=\"all-link\" href=\"https:\/\/crab.com.br\/en\/javascript-php\/\">JavaScript \/ PHP \/ MySQL<\/a><\/h3>\n<div class=\"skills-content\"><\/div>\n<\/div>\n<div class=\"single-list col-sm-3 col-md-3 init-animate zoomIn\" style=\"visibility: visible; animation-name: zoomIn;\"><span class=\"chart easyPieChart\" style=\"width: 170px; height: 170px; line-height: 170px;\" data-percent=\"70\"><br \/>\n<span class=\"percent\">70<\/span><br \/>\n<canvas width=\"170\" height=\"170\"><\/canvas><\/span><\/p>\n<h3 class=\"\"><a class=\"all-link\" href=\"https:\/\/crab.com.br\/en\/inteligencia-artificial\/\">IA \/ Intelig\u00eancia Artificial<\/a><\/h3>\n<div class=\"skills-content\"><\/div>\n<\/div>\n<\/div>\n<p><!--row--><\/p>\n<\/div>\n<p><!--cointainer--><\/p>\n<\/section>\n<\/div>\n<div id=\"panel-gb78-5cccd6f6084ad-0-0-3\" class=\"so-panel widget widget_portfolio_web_testimonial panel-last-child\" data-index=\"3\">\n<section id=\"portfolio_web_testimonial-3\" class=\"at-widgets acme-testimonials at-no-parallax\">\n<div class=\"container\">\n<div class=\"at-widget-title-wrapper init-animate zoomIn\" style=\"visibility: visible; animation-name: zoomIn;\">\n<h3 class=\"widget-title\">Recomenda\u00e7\u00f5es<\/h3>\n<\/div>\n<div class=\"row featured-entries-col featured-entries-logo\">\n<div class=\"single-list col-sm-4 col-md-4\">\n<div class=\"testimonial-item init-animate zoomIn\" style=\"visibility: visible; animation-name: zoomIn;\">\n<div class=\"testimonial-content\">\n<div class=\"testimonial-author\">\n<div class=\"testimonial-image\"><\/div>\n<h3 class=\"testimonial-author-name\">Murilo Vieira<br \/>\n<span class=\"designation\">Shopping and Content Consultant, Amadeus IT Group<\/span><\/h3>\n<\/div>\n<div class=\"testimonial-details\">\n<p>\u2018Ridiculamente eficiente&#8217; \u00e9 a frase que me vem \u00e0 mente quando penso no Juliano.<br \/>\nAlem claro de sua capacidade criativa \u00fanica, fiquei particularmente impressionado com sua habilidade para lidar com os clientes mais dif\u00edceis &#8211; sem esfor\u00e7o. Essa habilidade, muitas vezes leva anos para se desenvolver entre os profissionais que trabalham com criatividade, mas com o Juliano isso pareceu muito natural, o que eu considero como um diferencial perante os demais profissionais da \u00e1rea.<br \/>\nAl\u00e9m claro do seu particular bom humor, sempre otimista.<br \/>\nJuliano seria um trunfo em qualquer equipe!<\/p>\n<\/div>\n<\/div>\n<\/div>\n<\/div>\n<div class=\"single-list col-sm-4 col-md-4\">\n<div class=\"testimonial-item init-animate zoomIn\" style=\"visibility: visible; animation-name: zoomIn;\">\n<div class=\"testimonial-content\">\n<div class=\"testimonial-author\">\n<div class=\"testimonial-image\"><\/div>\n<h3 class=\"testimonial-author-name\">Rodrigo Pinter Pereira<br \/>\n<span class=\"designation\">Analista de Sistemas BI (Business Intelligence), Softplan<\/span><\/h3>\n<\/div>\n<div class=\"testimonial-details\">\n<p>Juliano sempre foi um \u00f3timo profissional e sempre cumpridor de suas atividades que eram designadas. Sempre apto a ajudar e utilizar seus conhecimentos.<\/p>\n<\/div>\n<\/div>\n<\/div>\n<\/div>\n<div class=\"single-list col-sm-4 col-md-4\">\n<div class=\"testimonial-item init-animate zoomIn\" style=\"visibility: visible; animation-name: zoomIn;\">\n<div class=\"testimonial-content\">\n<div class=\"testimonial-author\">\n<div class=\"testimonial-image\"><\/div>\n<h3 class=\"testimonial-author-name\">Rafael Pessi<br \/>\n<span class=\"designation\">Gestor de Portal, Universidade do Sul de Santa Catarina &#8211; UNISUL<\/span><\/h3>\n<\/div>\n<div class=\"testimonial-details\">\n<p>Trabalhar com o Juliano \u00e9 ter a certeza de ter ao seu lado um profissional com o qual sempre se pode contar. \u00c9 um cara muito focado, que preza pela excel\u00eancia, e super atualizado em tecnologias responsivas, seguidor do mantra &#8220;seja mobile ou seja antigo&#8221;. Essas qualidades s\u00e3o complementadas pela lealdade com os colegas e pela capacidade de ouvir e opinar no momento certo, contribuindo a todo momento com novidades que ajudam a manter o grupo atualizado com as \u00faltimas tend\u00eancias.<\/p>\n<\/div>\n<\/div>\n<\/div>\n<\/div>\n<\/div>\n<p><!--row--><\/p>\n<\/div>\n<\/section>\n<\/div>\n<\/div>\n<\/div>\n<\/div>","protected":false},"excerpt":{"rendered":"<p>Ol\u00e1, sou um UI\/UX Designer &amp; Desenvolvedor web de Florian\u00f3polis, Brasil. Tenho p\u00f3s-gradua\u00e7\u00e3o em Design Digital pela Universidade Est\u00e1cio de S\u00e1, mais de 15 anos de experi\u00eancia na \u00e1rea e posso ajudar voc\u00ea ou sua empresa fazer sucesso na Internet. O gosto pelo bom e velho Rock n&#8217; roll e a paix\u00e3o por motos contribuem [&hellip;]<\/p>\n","protected":false},"author":1,"featured_media":0,"parent":0,"menu_order":0,"comment_status":"closed","ping_status":"closed","template":"page-templates\/template-builder.php","meta":{"footnotes":""},"class_list":["post-78","page","type-page","status-publish","hentry"],"yoast_head":"<!-- This site is optimized with the Yoast SEO plugin v27.4 - https:\/\/yoast.com\/product\/yoast-seo-wordpress\/ -->\n<title>Sobre - Crab<\/title>\n<meta name=\"robots\" content=\"index, follow, max-snippet:-1, max-image-preview:large, max-video-preview:-1\" \/>\n<link rel=\"canonical\" href=\"https:\/\/crab.com.br\/en\/sobre\/\" \/>\n<meta name=\"twitter:card\" content=\"summary_large_image\" \/>\n<meta name=\"twitter:title\" content=\"Sobre - Crab\" \/>\n<meta name=\"twitter:description\" content=\"Ol\u00e1, sou um UI\/UX Designer &amp; Desenvolvedor web de Florian\u00f3polis, Brasil. Tenho p\u00f3s-gradua\u00e7\u00e3o em Design Digital pela Universidade Est\u00e1cio de S\u00e1, mais de 15 anos de experi\u00eancia na \u00e1rea e posso ajudar voc\u00ea ou sua empresa fazer sucesso na Internet. O gosto pelo bom e velho Rock n&#8217; roll e a paix\u00e3o por motos contribuem [&hellip;]\" \/>\n<meta name=\"twitter:image\" content=\"https:\/\/crab.com.br\/wp-content\/uploads\/2019\/05\/portfolio_man_500x728_v2.png\" \/>\n<meta name=\"twitter:label1\" content=\"Estimated reading time\" \/>\n\t<meta name=\"twitter:data1\" content=\"4 minutes\" \/>\n<script type=\"application\/ld+json\" class=\"yoast-schema-graph\">{\"@context\":\"https:\\\/\\\/schema.org\",\"@graph\":[{\"@type\":\"WebPage\",\"@id\":\"https:\\\/\\\/crab.com.br\\\/sobre\\\/\",\"url\":\"https:\\\/\\\/crab.com.br\\\/sobre\\\/\",\"name\":\"Sobre - Crab\",\"isPartOf\":{\"@id\":\"https:\\\/\\\/crab.com.br\\\/#website\"},\"primaryImageOfPage\":{\"@id\":\"https:\\\/\\\/crab.com.br\\\/sobre\\\/#primaryimage\"},\"image\":{\"@id\":\"https:\\\/\\\/crab.com.br\\\/sobre\\\/#primaryimage\"},\"thumbnailUrl\":\"https:\\\/\\\/crab.com.br\\\/wp-content\\\/uploads\\\/2019\\\/05\\\/portfolio_man_500x728_v2.png\",\"datePublished\":\"2019-01-06T13:28:19+00:00\",\"dateModified\":\"2025-11-19T11:53:35+00:00\",\"breadcrumb\":{\"@id\":\"https:\\\/\\\/crab.com.br\\\/sobre\\\/#breadcrumb\"},\"inLanguage\":\"en-GB\",\"potentialAction\":[{\"@type\":\"ReadAction\",\"target\":[\"https:\\\/\\\/crab.com.br\\\/sobre\\\/\"]}]},{\"@type\":\"ImageObject\",\"inLanguage\":\"en-GB\",\"@id\":\"https:\\\/\\\/crab.com.br\\\/sobre\\\/#primaryimage\",\"url\":\"https:\\\/\\\/crab.com.br\\\/wp-content\\\/uploads\\\/2019\\\/05\\\/portfolio_man_500x728_v2.png\",\"contentUrl\":\"https:\\\/\\\/crab.com.br\\\/wp-content\\\/uploads\\\/2019\\\/05\\\/portfolio_man_500x728_v2.png\"},{\"@type\":\"BreadcrumbList\",\"@id\":\"https:\\\/\\\/crab.com.br\\\/sobre\\\/#breadcrumb\",\"itemListElement\":[{\"@type\":\"ListItem\",\"position\":1,\"name\":\"In\u00edcio\",\"item\":\"https:\\\/\\\/crab.com.br\\\/\"},{\"@type\":\"ListItem\",\"position\":2,\"name\":\"Sobre\"}]},{\"@type\":\"WebSite\",\"@id\":\"https:\\\/\\\/crab.com.br\\\/#website\",\"url\":\"https:\\\/\\\/crab.com.br\\\/\",\"name\":\"Crab\",\"description\":\"Design, Front-end e Social Media por Juliano Toazza\",\"publisher\":{\"@id\":\"https:\\\/\\\/crab.com.br\\\/#\\\/schema\\\/person\\\/92394c8ba3dcf64bde4878546b0f5e00\"},\"potentialAction\":[{\"@type\":\"SearchAction\",\"target\":{\"@type\":\"EntryPoint\",\"urlTemplate\":\"https:\\\/\\\/crab.com.br\\\/?s={search_term_string}\"},\"query-input\":{\"@type\":\"PropertyValueSpecification\",\"valueRequired\":true,\"valueName\":\"search_term_string\"}}],\"inLanguage\":\"en-GB\"},{\"@type\":[\"Person\",\"Organization\"],\"@id\":\"https:\\\/\\\/crab.com.br\\\/#\\\/schema\\\/person\\\/92394c8ba3dcf64bde4878546b0f5e00\",\"name\":\"Juliano\",\"image\":{\"@type\":\"ImageObject\",\"inLanguage\":\"en-GB\",\"@id\":\"https:\\\/\\\/secure.gravatar.com\\\/avatar\\\/8deaafbe8111011c75803ebfac389cb926fd85fb85bd1a1a446896d2758a402a?s=96&d=mm&r=g\",\"url\":\"https:\\\/\\\/secure.gravatar.com\\\/avatar\\\/8deaafbe8111011c75803ebfac389cb926fd85fb85bd1a1a446896d2758a402a?s=96&d=mm&r=g\",\"contentUrl\":\"https:\\\/\\\/secure.gravatar.com\\\/avatar\\\/8deaafbe8111011c75803ebfac389cb926fd85fb85bd1a1a446896d2758a402a?s=96&d=mm&r=g\",\"caption\":\"Juliano\"},\"logo\":{\"@id\":\"https:\\\/\\\/secure.gravatar.com\\\/avatar\\\/8deaafbe8111011c75803ebfac389cb926fd85fb85bd1a1a446896d2758a402a?s=96&d=mm&r=g\"}}]}<\/script>\n<!-- \/ Yoast SEO plugin. -->","yoast_head_json":{"title":"Sobre - Crab","robots":{"index":"index","follow":"follow","max-snippet":"max-snippet:-1","max-image-preview":"max-image-preview:large","max-video-preview":"max-video-preview:-1"},"canonical":"https:\/\/crab.com.br\/en\/sobre\/","twitter_card":"summary_large_image","twitter_title":"Sobre - Crab","twitter_description":"Ol\u00e1, sou um UI\/UX Designer &amp; Desenvolvedor web de Florian\u00f3polis, Brasil. Tenho p\u00f3s-gradua\u00e7\u00e3o em Design Digital pela Universidade Est\u00e1cio de S\u00e1, mais de 15 anos de experi\u00eancia na \u00e1rea e posso ajudar voc\u00ea ou sua empresa fazer sucesso na Internet. O gosto pelo bom e velho Rock n&#8217; roll e a paix\u00e3o por motos contribuem [&hellip;]","twitter_image":"https:\/\/crab.com.br\/wp-content\/uploads\/2019\/05\/portfolio_man_500x728_v2.png","twitter_misc":{"Estimated reading time":"4 minutes"},"schema":{"@context":"https:\/\/schema.org","@graph":[{"@type":"WebPage","@id":"https:\/\/crab.com.br\/sobre\/","url":"https:\/\/crab.com.br\/sobre\/","name":"Sobre - Crab","isPartOf":{"@id":"https:\/\/crab.com.br\/#website"},"primaryImageOfPage":{"@id":"https:\/\/crab.com.br\/sobre\/#primaryimage"},"image":{"@id":"https:\/\/crab.com.br\/sobre\/#primaryimage"},"thumbnailUrl":"https:\/\/crab.com.br\/wp-content\/uploads\/2019\/05\/portfolio_man_500x728_v2.png","datePublished":"2019-01-06T13:28:19+00:00","dateModified":"2025-11-19T11:53:35+00:00","breadcrumb":{"@id":"https:\/\/crab.com.br\/sobre\/#breadcrumb"},"inLanguage":"en-GB","potentialAction":[{"@type":"ReadAction","target":["https:\/\/crab.com.br\/sobre\/"]}]},{"@type":"ImageObject","inLanguage":"en-GB","@id":"https:\/\/crab.com.br\/sobre\/#primaryimage","url":"https:\/\/crab.com.br\/wp-content\/uploads\/2019\/05\/portfolio_man_500x728_v2.png","contentUrl":"https:\/\/crab.com.br\/wp-content\/uploads\/2019\/05\/portfolio_man_500x728_v2.png"},{"@type":"BreadcrumbList","@id":"https:\/\/crab.com.br\/sobre\/#breadcrumb","itemListElement":[{"@type":"ListItem","position":1,"name":"In\u00edcio","item":"https:\/\/crab.com.br\/"},{"@type":"ListItem","position":2,"name":"Sobre"}]},{"@type":"WebSite","@id":"https:\/\/crab.com.br\/#website","url":"https:\/\/crab.com.br\/","name":"Crab","description":"Design, Front-end e Social Media por Juliano Toazza","publisher":{"@id":"https:\/\/crab.com.br\/#\/schema\/person\/92394c8ba3dcf64bde4878546b0f5e00"},"potentialAction":[{"@type":"SearchAction","target":{"@type":"EntryPoint","urlTemplate":"https:\/\/crab.com.br\/?s={search_term_string}"},"query-input":{"@type":"PropertyValueSpecification","valueRequired":true,"valueName":"search_term_string"}}],"inLanguage":"en-GB"},{"@type":["Person","Organization"],"@id":"https:\/\/crab.com.br\/#\/schema\/person\/92394c8ba3dcf64bde4878546b0f5e00","name":"Juliano","image":{"@type":"ImageObject","inLanguage":"en-GB","@id":"https:\/\/secure.gravatar.com\/avatar\/8deaafbe8111011c75803ebfac389cb926fd85fb85bd1a1a446896d2758a402a?s=96&d=mm&r=g","url":"https:\/\/secure.gravatar.com\/avatar\/8deaafbe8111011c75803ebfac389cb926fd85fb85bd1a1a446896d2758a402a?s=96&d=mm&r=g","contentUrl":"https:\/\/secure.gravatar.com\/avatar\/8deaafbe8111011c75803ebfac389cb926fd85fb85bd1a1a446896d2758a402a?s=96&d=mm&r=g","caption":"Juliano"},"logo":{"@id":"https:\/\/secure.gravatar.com\/avatar\/8deaafbe8111011c75803ebfac389cb926fd85fb85bd1a1a446896d2758a402a?s=96&d=mm&r=g"}}]}},"_links":{"self":[{"href":"https:\/\/crab.com.br\/en\/wp-json\/wp\/v2\/pages\/78","targetHints":{"allow":["GET"]}}],"collection":[{"href":"https:\/\/crab.com.br\/en\/wp-json\/wp\/v2\/pages"}],"about":[{"href":"https:\/\/crab.com.br\/en\/wp-json\/wp\/v2\/types\/page"}],"author":[{"embeddable":true,"href":"https:\/\/crab.com.br\/en\/wp-json\/wp\/v2\/users\/1"}],"replies":[{"embeddable":true,"href":"https:\/\/crab.com.br\/en\/wp-json\/wp\/v2\/comments?post=78"}],"version-history":[{"count":21,"href":"https:\/\/crab.com.br\/en\/wp-json\/wp\/v2\/pages\/78\/revisions"}],"predecessor-version":[{"id":1403,"href":"https:\/\/crab.com.br\/en\/wp-json\/wp\/v2\/pages\/78\/revisions\/1403"}],"wp:attachment":[{"href":"https:\/\/crab.com.br\/en\/wp-json\/wp\/v2\/media?parent=78"}],"curies":[{"name":"wp","href":"https:\/\/api.w.org\/{rel}","templated":true}]}}