{"id":17,"date":"2012-05-12T15:47:27","date_gmt":"2012-05-12T18:47:27","guid":{"rendered":"https:\/\/crab.com.br\/?page_id=17"},"modified":"2025-11-19T08:47:34","modified_gmt":"2025-11-19T11:47:34","slug":"servicos","status":"publish","type":"page","link":"https:\/\/crab.com.br\/en\/servicos\/","title":{"rendered":"Services"},"content":{"rendered":"<h4>IA (Intelig\u00eancia Artificial)\u00a0 <sup style=\"color: #cc0000;\">New!<\/sup><\/h4>\n<ul>\n<li>Consultoria para identificar usos imediatos de IA<\/li>\n<li>Implementa\u00e7\u00e3o de chatbots para atendimento via WhatsApp, site ou App<\/li>\n<li>Treinamento para uso de ferramentas IA gratuitas<\/li>\n<li>Treinamento em engenharia de prompts para otimizar resultados<\/li>\n<li>Prototipagem de experi\u00eancia de usu\u00e1rio com foco em IA<\/li>\n<\/ul>\n<h4>UX Design<\/h4>\n<ul>\n<li>Benchmarking<\/li>\n<li>Estudo de relat\u00f3rios do Google Analytics<\/li>\n<li>Pesquisa de\u00a0usu\u00e1rios (enquetes, personas e outras t\u00e9cnicas)<\/li>\n<li>Wireframes<\/li>\n<li>Design centrado no usu\u00e1rio<\/li>\n<\/ul>\n<h4>Mobile Design<\/h4>\n<ul>\n<li><span style=\"line-height: 1.5;\">Design para aplicativos m\u00f3veis Android e iOS seguindo o conceito Material Design.<\/span><\/li>\n<li>Desenvolvimento Front-end usando Bootstrap, Ionic Framework, Angular Material, Angular.js, HTML5 e CSS3.<\/li>\n<li>App Store Optimization (ASO) para Google Play e Apple Store.<\/li>\n<li>Design e desenvolvimento de Mobile Websites<\/li>\n<li>Design de interfaces adaptativas &#8211; Responsive Web Design &#8211; para dispositivos m\u00f3veis (smartphones e tablets)<\/li>\n<li>Desenvolvimento de interfaces HTML\/CSS para Mobile Websites<\/li>\n<li>Cria\u00e7\u00e3o de \u00edcones para aplicativos m\u00f3veis (Android, Iphone)<\/li>\n<\/ul>\n<h4>Web Design<\/h4>\n<ul>\n<li>Cria\u00e7\u00e3o de interfaces simples, atraentes e f\u00e1ceis de usar para websites e sistemas<\/li>\n<li>Desenvolvimento de interfaces HTML\/CSS para websites e sistemas<\/li>\n<li>Cria\u00e7\u00e3o de banners e templates de e-mail<\/li>\n<li>Cria\u00e7\u00e3o de \u00edcones<\/li>\n<li>Integra\u00e7\u00e3o com CMS (Sistemas de Gerenciamento de Conte\u00fado) WordPress e Drupal<\/li>\n<li>Fotografia de Produtos (Alimentos &amp; Bebidas, Cal\u00e7ados, J\u00f3ias, Rel\u00f3gios, etc)<\/li>\n<li>Fotografia de Ve\u00edculos e Im\u00f3veis<\/li>\n<\/ul>\n<h4>Design Gr\u00e1fico<\/h4>\n<ul>\n<li>Cria\u00e7\u00e3o de identidade visual empresarial para sistemas e redes sociais como Twitter<\/li>\n<li>Cria\u00e7\u00e3o de Logomarca e Logotipo<\/li>\n<li>Cria\u00e7\u00e3o de arte para cart\u00f5es de visita, folders, panfletos, entre outros.<\/li>\n<li>Artes vetoriais para impressos em geral<\/li>\n<\/ul>\n<h4>Digital Marketing<\/h4>\n<ul>\n<li>Otimiza\u00e7\u00e3o de websites para mecanismos de busca &#8211; SEO<\/li>\n<li>Divulga\u00e7\u00e3o em guias e mapas on-line (EcoViagem, Google Places,\u00a0entre outros)<\/li>\n<li>Cria\u00e7\u00e3o e organiza\u00e7\u00e3o de Listas de Contatos para E-mail Marketing<\/li>\n<li>Planejamento e desenvolvimento de a\u00e7\u00f5es em M\u00eddias Sociais (Twitter, Linkedin, Facebook, Instagram,\u00a0entre outras)<\/li>\n<\/ul>\n<h4>Com\u00e9rcio Eletr\u00f4nico \/ E-commerce<\/h4>\n<ul>\n<li>Gerenciamento de lojas virtuais<\/li>\n<li>Cria\u00e7\u00e3o de Layout para loja virtual (Magento, osCommerce, etc)<\/li>\n<li>Cria\u00e7\u00e3o de banners e templates de e-mail<\/li>\n<li>Planejamento e desenvolvimento de campanhas on-line com Google AdWords<\/li>\n<\/ul>\n<h4>Hospedagem de Sites<\/h4>\n<ul>\n<li>Registro de dom\u00ednios .br<\/li>\n<li>Servidores no Brasil<\/li>\n<li>E-mail com anti-v\u00edrus e anti-spam<\/li>\n<li>Espa\u00e7o e tr\u00e1fego sob medida<\/li>\n<\/ul>\n<p><a class=\"btn btn-primary\" href=\"https:\/\/crab.com.br\/en\/contato\/\">Entre em contato<\/a><\/p>","protected":false},"excerpt":{"rendered":"<p>IA (Intelig\u00eancia Artificial)\u00a0 Novo! Consultoria para identificar usos imediatos de IA Implementa\u00e7\u00e3o de chatbots para atendimento via WhatsApp, site ou App Treinamento para uso de ferramentas IA gratuitas Treinamento em engenharia de prompts para otimizar resultados Prototipagem de experi\u00eancia de usu\u00e1rio com foco em IA UX Design (Experi\u00eancia do Usu\u00e1rio) Benchmarking Estudo de relat\u00f3rios do [&hellip;]<\/p>\n","protected":false},"author":1,"featured_media":0,"parent":0,"menu_order":0,"comment_status":"closed","ping_status":"open","template":"","meta":{"footnotes":""},"class_list":["post-17","page","type-page","status-publish","hentry"],"yoast_head":"<!-- This site is optimized with the Yoast SEO plugin v27.4 - https:\/\/yoast.com\/product\/yoast-seo-wordpress\/ -->\n<title>Servi\u00e7os - Crab<\/title>\n<meta name=\"robots\" content=\"index, follow, max-snippet:-1, max-image-preview:large, max-video-preview:-1\" \/>\n<link rel=\"canonical\" href=\"https:\/\/crab.com.br\/en\/servicos\/\" \/>\n<meta name=\"twitter:card\" content=\"summary_large_image\" \/>\n<meta name=\"twitter:title\" content=\"Servi\u00e7os - Crab\" \/>\n<meta name=\"twitter:description\" content=\"IA (Intelig\u00eancia Artificial)\u00a0 Novo! Consultoria para identificar usos imediatos de IA Implementa\u00e7\u00e3o de chatbots para atendimento via WhatsApp, site ou App Treinamento para uso de ferramentas IA gratuitas Treinamento em engenharia de prompts para otimizar resultados Prototipagem de experi\u00eancia de usu\u00e1rio com foco em IA UX Design (Experi\u00eancia do Usu\u00e1rio) Benchmarking Estudo de relat\u00f3rios do [&hellip;]\" \/>\n<meta name=\"twitter:label1\" content=\"Estimated reading time\" \/>\n\t<meta name=\"twitter:data1\" content=\"2 minutes\" \/>\n<script type=\"application\/ld+json\" class=\"yoast-schema-graph\">{\"@context\":\"https:\\\/\\\/schema.org\",\"@graph\":[{\"@type\":\"WebPage\",\"@id\":\"https:\\\/\\\/crab.com.br\\\/servicos\\\/\",\"url\":\"https:\\\/\\\/crab.com.br\\\/servicos\\\/\",\"name\":\"Servi\u00e7os - Crab\",\"isPartOf\":{\"@id\":\"https:\\\/\\\/crab.com.br\\\/#website\"},\"datePublished\":\"2012-05-12T18:47:27+00:00\",\"dateModified\":\"2025-11-19T11:47:34+00:00\",\"breadcrumb\":{\"@id\":\"https:\\\/\\\/crab.com.br\\\/servicos\\\/#breadcrumb\"},\"inLanguage\":\"en-GB\",\"potentialAction\":[{\"@type\":\"ReadAction\",\"target\":[\"https:\\\/\\\/crab.com.br\\\/servicos\\\/\"]}]},{\"@type\":\"BreadcrumbList\",\"@id\":\"https:\\\/\\\/crab.com.br\\\/servicos\\\/#breadcrumb\",\"itemListElement\":[{\"@type\":\"ListItem\",\"position\":1,\"name\":\"In\u00edcio\",\"item\":\"https:\\\/\\\/crab.com.br\\\/\"},{\"@type\":\"ListItem\",\"position\":2,\"name\":\"Servi\u00e7os\"}]},{\"@type\":\"WebSite\",\"@id\":\"https:\\\/\\\/crab.com.br\\\/#website\",\"url\":\"https:\\\/\\\/crab.com.br\\\/\",\"name\":\"Crab\",\"description\":\"Design, Front-end e Social Media por Juliano Toazza\",\"publisher\":{\"@id\":\"https:\\\/\\\/crab.com.br\\\/#\\\/schema\\\/person\\\/92394c8ba3dcf64bde4878546b0f5e00\"},\"potentialAction\":[{\"@type\":\"SearchAction\",\"target\":{\"@type\":\"EntryPoint\",\"urlTemplate\":\"https:\\\/\\\/crab.com.br\\\/?s={search_term_string}\"},\"query-input\":{\"@type\":\"PropertyValueSpecification\",\"valueRequired\":true,\"valueName\":\"search_term_string\"}}],\"inLanguage\":\"en-GB\"},{\"@type\":[\"Person\",\"Organization\"],\"@id\":\"https:\\\/\\\/crab.com.br\\\/#\\\/schema\\\/person\\\/92394c8ba3dcf64bde4878546b0f5e00\",\"name\":\"Juliano\",\"image\":{\"@type\":\"ImageObject\",\"inLanguage\":\"en-GB\",\"@id\":\"https:\\\/\\\/secure.gravatar.com\\\/avatar\\\/8deaafbe8111011c75803ebfac389cb926fd85fb85bd1a1a446896d2758a402a?s=96&d=mm&r=g\",\"url\":\"https:\\\/\\\/secure.gravatar.com\\\/avatar\\\/8deaafbe8111011c75803ebfac389cb926fd85fb85bd1a1a446896d2758a402a?s=96&d=mm&r=g\",\"contentUrl\":\"https:\\\/\\\/secure.gravatar.com\\\/avatar\\\/8deaafbe8111011c75803ebfac389cb926fd85fb85bd1a1a446896d2758a402a?s=96&d=mm&r=g\",\"caption\":\"Juliano\"},\"logo\":{\"@id\":\"https:\\\/\\\/secure.gravatar.com\\\/avatar\\\/8deaafbe8111011c75803ebfac389cb926fd85fb85bd1a1a446896d2758a402a?s=96&d=mm&r=g\"}}]}<\/script>\n<!-- \/ Yoast SEO plugin. -->","yoast_head_json":{"title":"Servi\u00e7os - Crab","robots":{"index":"index","follow":"follow","max-snippet":"max-snippet:-1","max-image-preview":"max-image-preview:large","max-video-preview":"max-video-preview:-1"},"canonical":"https:\/\/crab.com.br\/en\/servicos\/","twitter_card":"summary_large_image","twitter_title":"Servi\u00e7os - Crab","twitter_description":"IA (Intelig\u00eancia Artificial)\u00a0 Novo! Consultoria para identificar usos imediatos de IA Implementa\u00e7\u00e3o de chatbots para atendimento via WhatsApp, site ou App Treinamento para uso de ferramentas IA gratuitas Treinamento em engenharia de prompts para otimizar resultados Prototipagem de experi\u00eancia de usu\u00e1rio com foco em IA UX Design (Experi\u00eancia do Usu\u00e1rio) Benchmarking Estudo de relat\u00f3rios do [&hellip;]","twitter_misc":{"Estimated reading time":"2 minutes"},"schema":{"@context":"https:\/\/schema.org","@graph":[{"@type":"WebPage","@id":"https:\/\/crab.com.br\/servicos\/","url":"https:\/\/crab.com.br\/servicos\/","name":"Servi\u00e7os - Crab","isPartOf":{"@id":"https:\/\/crab.com.br\/#website"},"datePublished":"2012-05-12T18:47:27+00:00","dateModified":"2025-11-19T11:47:34+00:00","breadcrumb":{"@id":"https:\/\/crab.com.br\/servicos\/#breadcrumb"},"inLanguage":"en-GB","potentialAction":[{"@type":"ReadAction","target":["https:\/\/crab.com.br\/servicos\/"]}]},{"@type":"BreadcrumbList","@id":"https:\/\/crab.com.br\/servicos\/#breadcrumb","itemListElement":[{"@type":"ListItem","position":1,"name":"In\u00edcio","item":"https:\/\/crab.com.br\/"},{"@type":"ListItem","position":2,"name":"Servi\u00e7os"}]},{"@type":"WebSite","@id":"https:\/\/crab.com.br\/#website","url":"https:\/\/crab.com.br\/","name":"Crab","description":"Design, Front-end e Social Media por Juliano Toazza","publisher":{"@id":"https:\/\/crab.com.br\/#\/schema\/person\/92394c8ba3dcf64bde4878546b0f5e00"},"potentialAction":[{"@type":"SearchAction","target":{"@type":"EntryPoint","urlTemplate":"https:\/\/crab.com.br\/?s={search_term_string}"},"query-input":{"@type":"PropertyValueSpecification","valueRequired":true,"valueName":"search_term_string"}}],"inLanguage":"en-GB"},{"@type":["Person","Organization"],"@id":"https:\/\/crab.com.br\/#\/schema\/person\/92394c8ba3dcf64bde4878546b0f5e00","name":"Juliano","image":{"@type":"ImageObject","inLanguage":"en-GB","@id":"https:\/\/secure.gravatar.com\/avatar\/8deaafbe8111011c75803ebfac389cb926fd85fb85bd1a1a446896d2758a402a?s=96&d=mm&r=g","url":"https:\/\/secure.gravatar.com\/avatar\/8deaafbe8111011c75803ebfac389cb926fd85fb85bd1a1a446896d2758a402a?s=96&d=mm&r=g","contentUrl":"https:\/\/secure.gravatar.com\/avatar\/8deaafbe8111011c75803ebfac389cb926fd85fb85bd1a1a446896d2758a402a?s=96&d=mm&r=g","caption":"Juliano"},"logo":{"@id":"https:\/\/secure.gravatar.com\/avatar\/8deaafbe8111011c75803ebfac389cb926fd85fb85bd1a1a446896d2758a402a?s=96&d=mm&r=g"}}]}},"_links":{"self":[{"href":"https:\/\/crab.com.br\/en\/wp-json\/wp\/v2\/pages\/17","targetHints":{"allow":["GET"]}}],"collection":[{"href":"https:\/\/crab.com.br\/en\/wp-json\/wp\/v2\/pages"}],"about":[{"href":"https:\/\/crab.com.br\/en\/wp-json\/wp\/v2\/types\/page"}],"author":[{"embeddable":true,"href":"https:\/\/crab.com.br\/en\/wp-json\/wp\/v2\/users\/1"}],"replies":[{"embeddable":true,"href":"https:\/\/crab.com.br\/en\/wp-json\/wp\/v2\/comments?post=17"}],"version-history":[{"count":4,"href":"https:\/\/crab.com.br\/en\/wp-json\/wp\/v2\/pages\/17\/revisions"}],"predecessor-version":[{"id":1401,"href":"https:\/\/crab.com.br\/en\/wp-json\/wp\/v2\/pages\/17\/revisions\/1401"}],"wp:attachment":[{"href":"https:\/\/crab.com.br\/en\/wp-json\/wp\/v2\/media?parent=17"}],"curies":[{"name":"wp","href":"https:\/\/api.w.org\/{rel}","templated":true}]}}