{"id":1009,"date":"2019-05-07T01:06:09","date_gmt":"2019-05-07T04:06:09","guid":{"rendered":"https:\/\/crab.com.br\/?page_id=1009"},"modified":"2019-05-07T04:04:09","modified_gmt":"2019-05-07T07:04:09","slug":"midias-sociais","status":"publish","type":"page","link":"https:\/\/crab.com.br\/en\/midias-sociais\/","title":{"rendered":"Social media"},"content":{"rendered":"<p>Management, content production, branding, social media measurement to take your brand to the next level online.<\/p>","protected":false},"excerpt":{"rendered":"<p>Management, content production, branding, social media measurement to take your brand to the next level online.<\/p>","protected":false},"author":1,"featured_media":0,"parent":0,"menu_order":0,"comment_status":"closed","ping_status":"closed","template":"","meta":{"footnotes":""},"class_list":["post-1009","page","type-page","status-publish","hentry"],"yoast_head":"<!-- This site is optimized with the Yoast SEO plugin v27.4 - https:\/\/yoast.com\/product\/yoast-seo-wordpress\/ -->\n<title>M\u00eddias Sociais - Crab<\/title>\n<meta name=\"robots\" content=\"index, follow, max-snippet:-1, max-image-preview:large, max-video-preview:-1\" \/>\n<link rel=\"canonical\" href=\"https:\/\/crab.com.br\/en\/midias-sociais\/\" \/>\n<meta name=\"twitter:card\" content=\"summary_large_image\" \/>\n<meta name=\"twitter:title\" content=\"M\u00eddias Sociais - Crab\" \/>\n<meta name=\"twitter:description\" content=\"Gerenciamento, produ\u00e7\u00e3o de conte\u00fado, identidade visual, mensura\u00e7\u00e3o de redes sociais para levar sua marca a outro patamar online.\" \/>\n<script type=\"application\/ld+json\" class=\"yoast-schema-graph\">{\"@context\":\"https:\\\/\\\/schema.org\",\"@graph\":[{\"@type\":\"WebPage\",\"@id\":\"https:\\\/\\\/crab.com.br\\\/midias-sociais\\\/\",\"url\":\"https:\\\/\\\/crab.com.br\\\/midias-sociais\\\/\",\"name\":\"M\u00eddias Sociais - Crab\",\"isPartOf\":{\"@id\":\"https:\\\/\\\/crab.com.br\\\/#website\"},\"datePublished\":\"2019-05-07T04:06:09+00:00\",\"dateModified\":\"2019-05-07T07:04:09+00:00\",\"breadcrumb\":{\"@id\":\"https:\\\/\\\/crab.com.br\\\/midias-sociais\\\/#breadcrumb\"},\"inLanguage\":\"en-GB\",\"potentialAction\":[{\"@type\":\"ReadAction\",\"target\":[\"https:\\\/\\\/crab.com.br\\\/midias-sociais\\\/\"]}]},{\"@type\":\"BreadcrumbList\",\"@id\":\"https:\\\/\\\/crab.com.br\\\/midias-sociais\\\/#breadcrumb\",\"itemListElement\":[{\"@type\":\"ListItem\",\"position\":1,\"name\":\"In\u00edcio\",\"item\":\"https:\\\/\\\/crab.com.br\\\/\"},{\"@type\":\"ListItem\",\"position\":2,\"name\":\"M\u00eddias Sociais\"}]},{\"@type\":\"WebSite\",\"@id\":\"https:\\\/\\\/crab.com.br\\\/#website\",\"url\":\"https:\\\/\\\/crab.com.br\\\/\",\"name\":\"Crab\",\"description\":\"Design, Front-end e Social Media por Juliano Toazza\",\"publisher\":{\"@id\":\"https:\\\/\\\/crab.com.br\\\/#\\\/schema\\\/person\\\/92394c8ba3dcf64bde4878546b0f5e00\"},\"potentialAction\":[{\"@type\":\"SearchAction\",\"target\":{\"@type\":\"EntryPoint\",\"urlTemplate\":\"https:\\\/\\\/crab.com.br\\\/?s={search_term_string}\"},\"query-input\":{\"@type\":\"PropertyValueSpecification\",\"valueRequired\":true,\"valueName\":\"search_term_string\"}}],\"inLanguage\":\"en-GB\"},{\"@type\":[\"Person\",\"Organization\"],\"@id\":\"https:\\\/\\\/crab.com.br\\\/#\\\/schema\\\/person\\\/92394c8ba3dcf64bde4878546b0f5e00\",\"name\":\"Juliano\",\"image\":{\"@type\":\"ImageObject\",\"inLanguage\":\"en-GB\",\"@id\":\"https:\\\/\\\/secure.gravatar.com\\\/avatar\\\/8deaafbe8111011c75803ebfac389cb926fd85fb85bd1a1a446896d2758a402a?s=96&d=mm&r=g\",\"url\":\"https:\\\/\\\/secure.gravatar.com\\\/avatar\\\/8deaafbe8111011c75803ebfac389cb926fd85fb85bd1a1a446896d2758a402a?s=96&d=mm&r=g\",\"contentUrl\":\"https:\\\/\\\/secure.gravatar.com\\\/avatar\\\/8deaafbe8111011c75803ebfac389cb926fd85fb85bd1a1a446896d2758a402a?s=96&d=mm&r=g\",\"caption\":\"Juliano\"},\"logo\":{\"@id\":\"https:\\\/\\\/secure.gravatar.com\\\/avatar\\\/8deaafbe8111011c75803ebfac389cb926fd85fb85bd1a1a446896d2758a402a?s=96&d=mm&r=g\"}}]}<\/script>\n<!-- \/ Yoast SEO plugin. -->","yoast_head_json":{"title":"M\u00eddias Sociais - Crab","robots":{"index":"index","follow":"follow","max-snippet":"max-snippet:-1","max-image-preview":"max-image-preview:large","max-video-preview":"max-video-preview:-1"},"canonical":"https:\/\/crab.com.br\/en\/midias-sociais\/","twitter_card":"summary_large_image","twitter_title":"M\u00eddias Sociais - Crab","twitter_description":"Gerenciamento, produ\u00e7\u00e3o de conte\u00fado, identidade visual, mensura\u00e7\u00e3o de redes sociais para levar sua marca a outro patamar online.","schema":{"@context":"https:\/\/schema.org","@graph":[{"@type":"WebPage","@id":"https:\/\/crab.com.br\/midias-sociais\/","url":"https:\/\/crab.com.br\/midias-sociais\/","name":"M\u00eddias Sociais - Crab","isPartOf":{"@id":"https:\/\/crab.com.br\/#website"},"datePublished":"2019-05-07T04:06:09+00:00","dateModified":"2019-05-07T07:04:09+00:00","breadcrumb":{"@id":"https:\/\/crab.com.br\/midias-sociais\/#breadcrumb"},"inLanguage":"en-GB","potentialAction":[{"@type":"ReadAction","target":["https:\/\/crab.com.br\/midias-sociais\/"]}]},{"@type":"BreadcrumbList","@id":"https:\/\/crab.com.br\/midias-sociais\/#breadcrumb","itemListElement":[{"@type":"ListItem","position":1,"name":"In\u00edcio","item":"https:\/\/crab.com.br\/"},{"@type":"ListItem","position":2,"name":"M\u00eddias Sociais"}]},{"@type":"WebSite","@id":"https:\/\/crab.com.br\/#website","url":"https:\/\/crab.com.br\/","name":"Crab","description":"Design, Front-end e Social Media por Juliano Toazza","publisher":{"@id":"https:\/\/crab.com.br\/#\/schema\/person\/92394c8ba3dcf64bde4878546b0f5e00"},"potentialAction":[{"@type":"SearchAction","target":{"@type":"EntryPoint","urlTemplate":"https:\/\/crab.com.br\/?s={search_term_string}"},"query-input":{"@type":"PropertyValueSpecification","valueRequired":true,"valueName":"search_term_string"}}],"inLanguage":"en-GB"},{"@type":["Person","Organization"],"@id":"https:\/\/crab.com.br\/#\/schema\/person\/92394c8ba3dcf64bde4878546b0f5e00","name":"Juliano","image":{"@type":"ImageObject","inLanguage":"en-GB","@id":"https:\/\/secure.gravatar.com\/avatar\/8deaafbe8111011c75803ebfac389cb926fd85fb85bd1a1a446896d2758a402a?s=96&d=mm&r=g","url":"https:\/\/secure.gravatar.com\/avatar\/8deaafbe8111011c75803ebfac389cb926fd85fb85bd1a1a446896d2758a402a?s=96&d=mm&r=g","contentUrl":"https:\/\/secure.gravatar.com\/avatar\/8deaafbe8111011c75803ebfac389cb926fd85fb85bd1a1a446896d2758a402a?s=96&d=mm&r=g","caption":"Juliano"},"logo":{"@id":"https:\/\/secure.gravatar.com\/avatar\/8deaafbe8111011c75803ebfac389cb926fd85fb85bd1a1a446896d2758a402a?s=96&d=mm&r=g"}}]}},"_links":{"self":[{"href":"https:\/\/crab.com.br\/en\/wp-json\/wp\/v2\/pages\/1009","targetHints":{"allow":["GET"]}}],"collection":[{"href":"https:\/\/crab.com.br\/en\/wp-json\/wp\/v2\/pages"}],"about":[{"href":"https:\/\/crab.com.br\/en\/wp-json\/wp\/v2\/types\/page"}],"author":[{"embeddable":true,"href":"https:\/\/crab.com.br\/en\/wp-json\/wp\/v2\/users\/1"}],"replies":[{"embeddable":true,"href":"https:\/\/crab.com.br\/en\/wp-json\/wp\/v2\/comments?post=1009"}],"version-history":[{"count":0,"href":"https:\/\/crab.com.br\/en\/wp-json\/wp\/v2\/pages\/1009\/revisions"}],"wp:attachment":[{"href":"https:\/\/crab.com.br\/en\/wp-json\/wp\/v2\/media?parent=1009"}],"curies":[{"name":"wp","href":"https:\/\/api.w.org\/{rel}","templated":true}]}}